{"id":13,"date":"2020-03-07T11:55:06","date_gmt":"2020-03-07T11:55:06","guid":{"rendered":"http:\/\/www.mg-automater.dk\/?page_id=13"},"modified":"2020-04-22T22:21:46","modified_gmt":"2020-04-22T22:21:46","slug":"forside","status":"publish","type":"page","link":"https:\/\/www.mg-automater.dk\/","title":{"rendered":"Forside"},"content":{"rendered":"<div id='start'  class='av-layout-grid-container entry-content-wrapper main_color av-flex-cells     avia-builder-el-0  el_before_av_section  avia-builder-el-first  container_wrap fullsize' style=' '  >\n<div class=\"flex_cell no_margin av_one_third  avia-builder-el-1  el_before_av_cell_one_third  avia-builder-el-first   \"  style='background: #d1ce19; vertical-align:top; padding:8px; background-color:#d1ce19; ' ><div class='flex_cell_inner' ><\/div><\/div><div class=\"flex_cell no_margin av_one_third  avia-builder-el-2  el_after_av_cell_one_third  el_before_av_cell_one_third   av-hide-on-mobile  \"  style='background: #e0d61f; vertical-align:top; padding:8px; background-color:#e0d61f; ' ><div class='flex_cell_inner' ><\/div><\/div><div class=\"flex_cell no_margin av_one_third  avia-builder-el-3  el_after_av_cell_one_third  avia-builder-el-last   av-hide-on-mobile  \"  style='background: #eae720; vertical-align:top; padding:8px; background-color:#eae720; ' ><div class='flex_cell_inner' ><\/div><\/div>\n<\/div>\n<div id='av_section_1'  class='avia-section main_color avia-section-huge avia-no-border-styling  avia-full-stretch av-section-color-overlay-active avia-bg-style-scroll  avia-builder-el-4  el_after_av_layout_row  el_before_av_layout_row   av-minimum-height av-minimum-height-32  container_wrap fullsize' style='background-repeat: no-repeat; background-image: url(https:\/\/www.mg-automater.dk\/wp-content\/uploads\/2020\/03\/casino_copenhagen_064_0.jpg);background-attachment: scroll; background-position: center center;  '  data-section-bg-repeat='stretch' data-av_minimum_height_pc='32'><div class='av-section-color-overlay-wrap'><div class='av-section-color-overlay' style='opacity: 0.5; background-color: #0a0a0a; '><\/div><div class='container' ><div class='template-page content  av-content-full alpha units'><div class='post-entry post-entry-type-page post-entry-13'><div class='entry-content-wrapper clearfix'>\n<div class=\"flex_column av_one_full  av-animated-generic right-to-left  flex_column_div av-zero-column-padding first  avia-builder-el-5  el_before_av_one_full  avia-builder-el-first  \" style='border-radius:0px; '><section class=\"av_textblock_section \"  itemscope=\"itemscope\" itemtype=\"https:\/\/schema.org\/CreativeWork\" ><div class='avia_textblock  av_inherit_color '  style='font-size:26px; color:#d1ce19; '  itemprop=\"text\" ><h3 style=\"text-align: center;\">Velkommen hos MG Automater<\/h3>\n<\/div><\/section><\/div><div class=\"flex_column av_one_full  av-animated-generic left-to-right  no_margin flex_column_div av-zero-column-padding first  avia-builder-el-7  el_after_av_one_full  avia-builder-el-last  column-top-margin\" style='border-radius:0px; '><p><div  style='height:10px' class='hr hr-invisible   avia-builder-el-8  el_before_av_textblock  avia-builder-el-first '><span class='hr-inner ' ><span class='hr-inner-style'><\/span><\/span><\/div><br \/>\n<section class=\"av_textblock_section \"  itemscope=\"itemscope\" itemtype=\"https:\/\/schema.org\/CreativeWork\" ><div class='avia_textblock  av_inherit_color '  style='font-size:40px; color:#ffffff; '  itemprop=\"text\" ><h1 style=\"text-align: center;\"><strong>Alt i spille- og morskabsautomater<\/strong><\/h1>\n<\/div><\/section><\/p><\/div>\n\n<\/div><\/div><\/div><!-- close content main div --><\/div><\/div><\/div><div id='av-layout-grid-2'  class='av-layout-grid-container entry-content-wrapper main_color av-flex-cells     avia-builder-el-10  el_after_av_section  el_before_av_section  submenu-not-first container_wrap fullsize' style=' '  >\n<div class=\"flex_cell no_margin av_one_third  avia-builder-el-11  el_before_av_cell_one_third  avia-builder-el-first   \"  style='background: #d1ce19; vertical-align:top; padding:8px; background-color:#d1ce19; ' ><div class='flex_cell_inner' ><\/div><\/div><div class=\"flex_cell no_margin av_one_third  avia-builder-el-12  el_after_av_cell_one_third  el_before_av_cell_one_third   av-hide-on-mobile  \"  style='background: #e0d61f; vertical-align:top; padding:8px; background-color:#e0d61f; ' ><div class='flex_cell_inner' ><\/div><\/div><div class=\"flex_cell no_margin av_one_third  avia-builder-el-13  el_after_av_cell_one_third  avia-builder-el-last   av-hide-on-mobile  \"  style='background: #eae720; vertical-align:top; padding:8px; background-color:#eae720; ' ><div class='flex_cell_inner' ><\/div><\/div>\n<\/div>\n<div id='av_section_2'  class='avia-section main_color avia-section-large avia-no-shadow  avia-bg-style-scroll  avia-builder-el-14  el_after_av_layout_row  el_before_av_tab_section   container_wrap fullsize' style=' '  ><div class='container' ><div class='template-page content  av-content-full alpha units'><div class='post-entry post-entry-type-page post-entry-13'><div class='entry-content-wrapper clearfix'>\n<div class=\"flex_column av_one_third  flex_column_div av-zero-column-padding first  avia-builder-el-15  el_before_av_one_third  avia-builder-el-first  \" style='border-radius:0px; '><article  class=\"iconbox iconbox_top main_color    avia-builder-el-16  avia-builder-el-no-sibling  \"  itemscope=\"itemscope\" itemtype=\"https:\/\/schema.org\/CreativeWork\" ><div class=\"iconbox_content\"><header class=\"entry-content-header\"><div class=\"iconbox_icon heading-color \" aria-hidden='true' data-av_icon='\ue808' data-av_iconfont='entypo-fontello'  ><\/div><h3 class='iconbox_content_title  '  itemprop=\"headline\"  >10 \u00e5rs erfaring<\/h3><\/header><div class='iconbox_content_container  '  itemprop=\"text\"  ><p>I de seneste 10 \u00e5r har MG Automater leveret spille- og morskabsautomater til virksomheder, foreninger og organisationer i hele Danmark.<\/p>\n<\/div><\/div><footer class=\"entry-footer\"><\/footer><\/article><\/div><div class=\"flex_column av_one_third  flex_column_div av-zero-column-padding   avia-builder-el-17  el_after_av_one_third  el_before_av_one_third  \" style='border-radius:0px; '><article  class=\"iconbox iconbox_top main_color    avia-builder-el-18  avia-builder-el-no-sibling  \"  itemscope=\"itemscope\" itemtype=\"https:\/\/schema.org\/CreativeWork\" ><div class=\"iconbox_content\"><header class=\"entry-content-header\"><div class=\"iconbox_icon heading-color \" aria-hidden='true' data-av_icon='\ue832' data-av_iconfont='entypo-fontello'  ><\/div><h3 class='iconbox_content_title  '  itemprop=\"headline\"  >Hurtig levering<\/h3><\/header><div class='iconbox_content_container  '  itemprop=\"text\"  ><p>Uanset om der er tale om en fast montering i spillehal eller tidsbegr\u00e6nset leje af automat, s\u00e5 leverer vi hurtigt og s\u00f8rger for en grundig introduktion til automaten.<\/p>\n<\/div><\/div><footer class=\"entry-footer\"><\/footer><\/article><\/div><div class=\"flex_column av_one_third  flex_column_div av-zero-column-padding   avia-builder-el-19  el_after_av_one_third  el_before_av_hr  \" style='border-radius:0px; '><article  class=\"iconbox iconbox_top main_color    avia-builder-el-20  avia-builder-el-no-sibling  \"  itemscope=\"itemscope\" itemtype=\"https:\/\/schema.org\/CreativeWork\" ><div class=\"iconbox_content\"><header class=\"entry-content-header\"><div class=\"iconbox_icon heading-color \" aria-hidden='true' data-av_icon='\ue82b' data-av_iconfont='entypo-fontello'  ><\/div><h3 class='iconbox_content_title  '  itemprop=\"headline\"  >Bedste service<\/h3><\/header><div class='iconbox_content_container  '  itemprop=\"text\"  ><p>H\u00f8j tilfredshed og en god oplevelse er vores m\u00e5ls\u00e6tning. Vi st\u00e5r inde for alle vores produkter, og det m\u00e6rkes i vores meget h\u00f8je kundeservice.<\/p>\n<\/div><\/div><footer class=\"entry-footer\"><\/footer><\/article><\/div><div  id=\"udlejning\"  style=' margin-top:50px; margin-bottom:0px;'  class='hr hr-custom hr-center hr-icon-no   avia-builder-el-21  el_after_av_one_third  el_before_av_one_full '><span class='hr-inner  inner-border-av-border-thin' style=' width:100%; border-color:#eaeaea;' ><span class='hr-inner-style'><\/span><\/span><\/div>\n<div class=\"flex_column av_one_full  flex_column_div av-zero-column-padding first  avia-builder-el-22  el_after_av_hr  avia-builder-el-last  \" style='margin-top:40px; margin-bottom:-50px; border-radius:0px; '><section class=\"av_textblock_section \"  itemscope=\"itemscope\" itemtype=\"https:\/\/schema.org\/CreativeWork\" ><div class='avia_textblock  av_inherit_color '  style='font-size:16px; '  itemprop=\"text\" ><h3 style=\"text-align: center;\">Udlejning af spilleautomater<\/h3>\n<p style=\"text-align: center;\">Uanset om du har behov for en spilleautomat eller morskabsautomat, til en fast ops\u00e6tning eller midlertidig leje, s\u00e5 har vi hos MG Automater en l\u00f8sning som passer netop dine behov og \u00f8nsker. Vi tilbyder en fleksibel samarbejdsform, hvor vi tager udgangspunkt i dine visioner eller specifikke \u00f8nsker.<\/p>\n<\/div><\/section><\/div><\/div><\/div><\/div><!-- close content main div --><\/div><\/div><div id='av-tab-section-1'  class='av-tab-section-container entry-content-wrapper main_color av-tab-slide-transition   av-tab-above-content  avia-builder-el-24  el_after_av_section  el_before_av_layout_row  submenu-not-first container_wrap fullsize' style=' '  ><div class='av-tab-section-outer-container'><div class='av-tab-section-tab-title-container avia-tab-title-padding-default ' style='background-color:#ffffff; '><a href='#spillehal' data-av-tab-section-title='1' class='av-section-tab-title av-active-tab-title no-scroll av-tab-with-icon av-tab-no-image  '><span class='av-tab-section-icon' aria-hidden='true' data-av_icon='\ue85a' data-av_iconfont='entypo-fontello'><\/span><span class='av-outer-tab-title'><span class='av-inner-tab-title'>Spillehal<\/span><\/span><span class='av-tab-arrow-container'><span><\/span><\/span><\/a><a href='#events' data-av-tab-section-title='2' class='av-section-tab-title  av-tab-with-icon av-tab-no-image  '><span class='av-tab-section-icon' aria-hidden='true' data-av_icon='\ue801' data-av_iconfont='entypo-fontello'><\/span><span class='av-outer-tab-title'><span class='av-inner-tab-title'>Events<\/span><\/span><span class='av-tab-arrow-container'><span><\/span><\/span><\/a><a href='#privat' data-av-tab-section-title='3' class='av-section-tab-title  av-tab-with-icon av-tab-no-image  '><span class='av-tab-section-icon' aria-hidden='true' data-av_icon='\ue80b' data-av_iconfont='entypo-fontello'><\/span><span class='av-outer-tab-title'><span class='av-inner-tab-title'>Privat<\/span><\/span><span class='av-tab-arrow-container'><span><\/span><\/span><\/a><\/div><div class='av-tab-section-inner-container avia-section-default' style='width:300vw; left:0%;'><span class='av_prev_tab_section av_tab_navigation'><\/span><span class='av_next_tab_section av_tab_navigation'><\/span>\n<div data-av-tab-section-content=\"1\" class=\"av-layout-tab av-animation-delay-container av-active-tab-content __av_init_open  avia-builder-el-25  el_before_av_tab_sub_section  avia-builder-el-first   \" style='vertical-align:middle; background-color:#000000; ' data-av-tab-bg-color='#000000'  data-tab-section-id=\"spillehal\"><div class='av-layout-tab-inner'><div class='container'><div class=\"flex_column av_one_full  flex_column_div av-zero-column-padding first  avia-builder-el-26  avia-builder-el-no-sibling  \" style='margin-top:70px; margin-bottom:70px; border-radius:0px; '><section class=\"av_textblock_section \"  itemscope=\"itemscope\" itemtype=\"https:\/\/schema.org\/CreativeWork\" ><div class='avia_textblock  av_inherit_color '  style='font-size:16px; color:#ffffff; '  itemprop=\"text\" ><h4 style=\"color: #d1ce19; text-align: center;\">De fedeste automater til din spillehal eller kiosk<\/h4>\n<p style=\"text-align: center;\">Lorem ipsum dolor sit amet, consectetur adipiscing elit, sed do eiusmod tempor incididunt ut labore et dolore magna aliqua. Ut enim ad minim veniam, quis nostrud exercitation ullamco laboris nisi ut aliquip ex ea commodo consequat. Duis aute irure dolor in reprehenderit in voluptate velit esse cillum dolore eu fugiat nulla pariatur. Excepteur sint occaecat cupidatat non proident, sunt in culpa qui officia deserunt mollit anim id est laborum.<\/p>\n<\/div><\/section><\/div>\n<\/div><\/div><\/div><div data-av-tab-section-content=\"2\" class=\"av-layout-tab av-animation-delay-container   avia-builder-el-28  el_after_av_tab_sub_section  el_before_av_tab_sub_section   \" style='vertical-align:middle; background-color:#d1ce19; ' data-av-tab-bg-color='#d1ce19'  data-tab-section-id=\"events\"><div class='av-layout-tab-inner'><div class='container'><div class=\"flex_column av_one_full  flex_column_div av-zero-column-padding first  avia-builder-el-29  avia-builder-el-no-sibling  \" style='margin-top:40px; margin-bottom:40px; border-radius:0px; '><section class=\"av_textblock_section \"  itemscope=\"itemscope\" itemtype=\"https:\/\/schema.org\/CreativeWork\" ><div class='avia_textblock  av_inherit_color '  style='font-size:16px; color:#ffffff; '  itemprop=\"text\" ><h4 style=\"color: #000; text-align: center;\">De fedeste automater til din begivenhed<\/h4>\n<p style=\"text-align: center;\">Lorem ipsum dolor sit amet, consectetur adipiscing elit, sed do eiusmod tempor incididunt ut labore et dolore magna aliqua. Ut enim ad minim veniam, quis nostrud exercitation ullamco laboris nisi ut aliquip ex ea commodo consequat. Duis aute irure dolor in reprehenderit in voluptate velit esse cillum dolore eu fugiat nulla pariatur. Excepteur sint occaecat cupidatat non proident, sunt in culpa qui officia deserunt mollit anim id est laborum.<\/p>\n<\/div><\/section><\/div>\n<\/div><\/div><\/div><div data-av-tab-section-content=\"3\" class=\"av-layout-tab av-animation-delay-container   avia-builder-el-31  el_after_av_tab_sub_section  avia-builder-el-last   \" style='vertical-align:middle; background-color:#000000; ' data-av-tab-bg-color='#000000'  data-tab-section-id=\"privat\"><div class='av-layout-tab-inner'><div class='container'><div class=\"flex_column av_one_full  flex_column_div av-zero-column-padding first  avia-builder-el-32  avia-builder-el-no-sibling  \" style='margin-top:40px; margin-bottom:40px; border-radius:0px; '><section class=\"av_textblock_section \"  itemscope=\"itemscope\" itemtype=\"https:\/\/schema.org\/CreativeWork\" ><div class='avia_textblock  av_inherit_color '  style='font-size:16px; color:#ffffff; '  itemprop=\"text\" ><h4 style=\"color: #d1ce19; text-align: center;\">De fedeste automater til dit private arrangement<\/h4>\n<p style=\"text-align: center;\">Lorem ipsum dolor sit amet, consectetur adipiscing elit, sed do eiusmod tempor incididunt ut labore et dolore magna aliqua. Ut enim ad minim veniam, quis nostrud exercitation ullamco laboris nisi ut aliquip ex ea commodo consequat. Duis aute irure dolor in reprehenderit in voluptate velit esse cillum dolore eu fugiat nulla pariatur. Excepteur sint occaecat cupidatat non proident, sunt in culpa qui officia deserunt mollit anim id est laborum.<\/p>\n<\/div><\/section><\/div>\n<\/div><\/div><\/div>\n<\/div><\/div><\/div><\/p>\n<div id='av-layout-grid-3'  class='av-layout-grid-container entry-content-wrapper main_color av-flex-cells     avia-builder-el-34  el_after_av_tab_section  el_before_av_section  submenu-not-first container_wrap fullsize' style=' '  >\n<div class=\"flex_cell no_margin av_one_third  avia-builder-el-35  el_before_av_cell_one_third  avia-builder-el-first   \"  style='background: #d1ce19; vertical-align:top; padding:8px; background-color:#d1ce19; ' ><div class='flex_cell_inner' ><\/div><\/div><div class=\"flex_cell no_margin av_one_third  avia-builder-el-36  el_after_av_cell_one_third  el_before_av_cell_one_third   av-hide-on-mobile  \"  style='background: #e0d61f; vertical-align:top; padding:8px; background-color:#e0d61f; ' ><div class='flex_cell_inner' ><\/div><\/div><div class=\"flex_cell no_margin av_one_third  avia-builder-el-37  el_after_av_cell_one_third  avia-builder-el-last   av-hide-on-mobile  \"  style='background: #eae720; vertical-align:top; padding:8px; background-color:#eae720; ' ><div class='flex_cell_inner' ><\/div><\/div>\n<\/div>\n<div id='av_section_3'  class='avia-section main_color avia-section-default avia-no-border-styling  avia-full-stretch av-parallax-section av-section-color-overlay-active avia-bg-style-parallax  avia-builder-el-38  el_after_av_layout_row  el_before_av_layout_row   av-minimum-height av-minimum-height-25  container_wrap fullsize' style=' '  data-section-bg-repeat='stretch' data-av_minimum_height_pc='25'><div class='av-parallax' data-avia-parallax-ratio='0.3' ><div class='av-parallax-inner main_color  avia-full-stretch' style = 'background-repeat: no-repeat; background-image: url(https:\/\/www.mg-automater.dk\/wp-content\/uploads\/2020\/03\/casino_copenhagen_064_0.jpg);background-attachment: scroll; background-position: top left; ' ><\/div><\/div><div class='av-section-color-overlay-wrap'><div class='av-section-color-overlay' style='opacity: 0.5; background-color: #0a0a0a; '><\/div><div class='container' ><div class='template-page content  av-content-full alpha units'><div class='post-entry post-entry-type-page post-entry-13'><div class='entry-content-wrapper clearfix'>\n<\/div><\/div><\/div><!-- close content main div --><\/div><\/div><\/div><div id='av-layout-grid-4'  class='av-layout-grid-container entry-content-wrapper main_color av-flex-cells     avia-builder-el-39  el_after_av_section  el_before_av_section  submenu-not-first container_wrap fullsize' style=' '  >\n<div class=\"flex_cell no_margin av_one_third  avia-builder-el-40  el_before_av_cell_one_third  avia-builder-el-first   \"  style='background: #d1ce19; vertical-align:top; padding:8px; background-color:#d1ce19; ' ><div class='flex_cell_inner' ><\/div><\/div><div class=\"flex_cell no_margin av_one_third  avia-builder-el-41  el_after_av_cell_one_third  el_before_av_cell_one_third   av-hide-on-mobile  \"  style='background: #e0d61f; vertical-align:top; padding:8px; background-color:#e0d61f; ' ><div class='flex_cell_inner' ><\/div><\/div><div class=\"flex_cell no_margin av_one_third  avia-builder-el-42  el_after_av_cell_one_third  avia-builder-el-last   av-hide-on-mobile  \"  style='background: #eae720; vertical-align:top; padding:8px; background-color:#eae720; ' ><div class='flex_cell_inner' ><\/div><\/div>\n<\/div>\n<div id='om'  class='avia-section main_color avia-section-large avia-no-border-styling  avia-bg-style-scroll  avia-builder-el-43  el_after_av_layout_row  el_before_av_section   container_wrap fullsize' style='background-color: #f9f9f9;  '  ><div class='container' ><div class='template-page content  av-content-full alpha units'><div class='post-entry post-entry-type-page post-entry-13'><div class='entry-content-wrapper clearfix'>\n<div class=\"flex_column av_one_full  flex_column_div av-zero-column-padding first  avia-builder-el-44  avia-builder-el-no-sibling  \" style='background: #f9f9f9; background-color:#f9f9f9; border-radius:0px; '><section class=\"av_textblock_section \"  itemscope=\"itemscope\" itemtype=\"https:\/\/schema.org\/CreativeWork\" ><div class='avia_textblock  av_inherit_color '  style='font-size:16px; '  itemprop=\"text\" ><h3 style=\"text-align: center;\">Om MG Automater<\/h3>\n<p style=\"text-align: center;\">Siden 2010 har MG Automater leveret spille- og morskabsautomater til virksomheder og private i hele Danmark.<\/p>\n<p style=\"text-align: center;\">Lorem ipsum dolor sit amet, consectetur adipiscing elit, sed do eiusmod tempor incididunt ut labore et dolore magna aliqua. Ut enim ad minim veniam, quis nostrud exercitation ullamco laboris nisi ut aliquip ex ea commodo consequat. Duis aute irure dolor in reprehenderit in voluptate velit esse cillum dolore eu fugiat nulla pariatur. Excepteur sint occaecat cupidatat non proident, sunt in culpa qui officia deserunt mollit anim id est laborum.Lorem ipsum dolor sit amet, consectetur adipiscing elit, sed do eiusmod tempor incididunt ut labore et dolore magna aliqua. Ut enim ad minim veniam, quis nostrud exercitation ullamco laboris nisi ut aliquip ex ea commodo consequat. Duis aute irure dolor in reprehenderit in voluptate velit esse cillum dolore eu fugiat nulla pariatur. Excepteur sint occaecat cupidatat non proident, sunt in culpa qui officia deserunt mollit anim id est laborum.<\/p>\n<\/div><\/section><\/div>\n\n<\/div><\/div><\/div><!-- close content main div --><\/div><\/div><div id='kontakt'  class='avia-section main_color avia-section-large avia-no-shadow  avia-bg-style-scroll  avia-builder-el-46  el_after_av_section  avia-builder-el-last   container_wrap fullsize' style=' '  ><div class='container' ><div class='template-page content  av-content-full alpha units'><div class='post-entry post-entry-type-page post-entry-13'><div class='entry-content-wrapper clearfix'>\n<div class=\"flex_column av_two_third  flex_column_div av-zero-column-padding first  avia-builder-el-47  el_before_av_one_third  avia-builder-el-first  \" style='border-radius:0px; '><form action=\"https:\/\/www.mg-automater.dk\/\" method=\"post\"  class=\"avia_ajax_form av-form-labels-hidden   avia-builder-el-48  avia-builder-el-no-sibling   \" data-avia-form-id=\"1\" data-avia-redirect='' ><h3 class=''>Send os en besked<\/h3><fieldset><p class='  first_form  form_element form_fullwidth' id='element_avia_1_1'><label for=\"avia_1_1\">Navn <abbr class=\"required\" title=\"required\">*<\/abbr><\/label> <input name=\"avia_1_1\" class=\"text_input is_empty\" type=\"text\" id=\"avia_1_1\" value=\"\"  placeholder='Navn*'\/><\/p><p class='  first_form  form_element form_fullwidth' id='element_avia_2_1'><label for=\"avia_2_1\">E-Mail <abbr class=\"required\" title=\"required\">*<\/abbr><\/label> <input name=\"avia_2_1\" class=\"text_input is_email\" type=\"text\" id=\"avia_2_1\" value=\"\"  placeholder='E-Mail*'\/><\/p><p class='  first_form  form_element form_fullwidth' id='element_avia_3_1'><label for=\"avia_3_1\">Emne <abbr class=\"required\" title=\"required\">*<\/abbr><\/label> <input name=\"avia_3_1\" class=\"text_input is_empty\" type=\"text\" id=\"avia_3_1\" value=\"\"  placeholder='Emne*'\/><\/p><p class='  first_form  form_element form_fullwidth' id='element_avia_4_1'><label for=\"avia_4_1\" class=\"textare_label hidden textare_label_avia_4_1\">Meddelelse <abbr class=\"required\" title=\"required\">*<\/abbr><\/label><textarea  placeholder='Meddelelse*' name=\"avia_4_1\" class=\"text_area is_empty\" cols=\"40\" rows=\"7\" id=\"avia_4_1\" ><\/textarea><\/p><p class=\"hidden\"><input type=\"text\" name=\"avia_5_1\" class=\"hidden \" id=\"avia_5_1\" value=\"\" \/><\/p><p class='   form_element form_fullwidth' id='element_avia_6_1'><span class='value_verifier_label'>4 + 0 = ?<\/span><input name=\"avia_6_1_verifier\" type=\"hidden\" id=\"avia_6_1_verifier\" value=\"547844834\"\/><label for=\"avia_6_1\">Please prove that you are human by solving the equation <abbr class=\"required\" title=\"required\">*<\/abbr><\/label><input name=\"avia_6_1\" class=\"text_input captcha\" type=\"text\" id=\"avia_6_1\" value=\"\"\/><\/p><p class=\"form_element \"><input type=\"hidden\" value=\"1\" name=\"avia_generated_form1\" \/><input type=\"submit\" value=\"Send\" class=\"button\"  data-sending-label=\"Sending\"\/><\/p><\/fieldset><\/form><div id=\"ajaxresponse_1\" class=\"ajaxresponse ajaxresponse_1 hidden\"><\/div><\/div><div class=\"flex_column av_one_third  flex_column_div   avia-builder-el-49  el_after_av_two_third  avia-builder-el-last  \" style='background: #000000; padding:40px; background-color:#000000; border-radius:0px; '><section class=\"av_textblock_section \"  itemscope=\"itemscope\" itemtype=\"https:\/\/schema.org\/CreativeWork\" ><div class='avia_textblock  av_inherit_color '  style='font-size:16px; color:#ffffff; '  itemprop=\"text\" ><h3 style=\"text-align: left;\">Kontakt os<\/h3>\n<p style=\"text-align: left;\">Email:<br \/>\nTelefon:<\/p>\n<p><strong>\u00c5bningstider:<\/strong><br \/>\nMan-Fre:<br \/>\nWeekend:<\/p>\n<\/div><\/section><\/div>\n\n","protected":false},"excerpt":{"rendered":"","protected":false},"author":1,"featured_media":0,"parent":0,"menu_order":0,"comment_status":"closed","ping_status":"closed","template":"","meta":{"footnotes":""},"class_list":["post-13","page","type-page","status-publish","hentry"],"_links":{"self":[{"href":"https:\/\/www.mg-automater.dk\/index.php\/wp-json\/wp\/v2\/pages\/13","targetHints":{"allow":["GET"]}}],"collection":[{"href":"https:\/\/www.mg-automater.dk\/index.php\/wp-json\/wp\/v2\/pages"}],"about":[{"href":"https:\/\/www.mg-automater.dk\/index.php\/wp-json\/wp\/v2\/types\/page"}],"author":[{"embeddable":true,"href":"https:\/\/www.mg-automater.dk\/index.php\/wp-json\/wp\/v2\/users\/1"}],"replies":[{"embeddable":true,"href":"https:\/\/www.mg-automater.dk\/index.php\/wp-json\/wp\/v2\/comments?post=13"}],"version-history":[{"count":241,"href":"https:\/\/www.mg-automater.dk\/index.php\/wp-json\/wp\/v2\/pages\/13\/revisions"}],"predecessor-version":[{"id":293,"href":"https:\/\/www.mg-automater.dk\/index.php\/wp-json\/wp\/v2\/pages\/13\/revisions\/293"}],"wp:attachment":[{"href":"https:\/\/www.mg-automater.dk\/index.php\/wp-json\/wp\/v2\/media?parent=13"}],"curies":[{"name":"wp","href":"https:\/\/api.w.org\/{rel}","templated":true}]}}